{"id":89,"date":"2021-01-28T15:28:02","date_gmt":"2021-01-28T15:28:02","guid":{"rendered":"https:\/\/2dentists.ch\/?page_id=89"},"modified":"2021-03-14T12:24:11","modified_gmt":"2021-03-14T12:24:11","slug":"die-zahnaerzte","status":"publish","type":"page","link":"https:\/\/2dentists.ch\/?page_id=89","title":{"rendered":""},"content":{"rendered":"\n<div class=\"wp-block-media-text alignwide is-stacked-on-mobile has-background\" style=\"background:linear-gradient(12deg,rgb(255,255,255) 9%,rgb(229,216,205) 15%,rgb(130,50,96) 23%)\"><figure class=\"wp-block-media-text__media\"><img loading=\"lazy\" decoding=\"async\" width=\"768\" height=\"1024\" src=\"https:\/\/2dentists.ch\/wp-content\/uploads\/2021\/01\/Sybille-Scheuber-1-768x1024-1.jpg\" alt=\"\" class=\"wp-image-74 size-full\" srcset=\"https:\/\/2dentists.ch\/wp-content\/uploads\/2021\/01\/Sybille-Scheuber-1-768x1024-1.jpg 768w, https:\/\/2dentists.ch\/wp-content\/uploads\/2021\/01\/Sybille-Scheuber-1-768x1024-1-225x300.jpg 225w\" sizes=\"auto, (max-width: 768px) 100vw, 768px\" \/><\/figure><div class=\"wp-block-media-text__content\">\n<div style=\"height:110px\" aria-hidden=\"true\" class=\"wp-block-spacer\"><\/div>\n\n\n\n<p class=\"has-large-font-size\">Dr. med. dent. Sybille Scheuber<\/p>\n\n\n\n<p><\/p>\n\n\n\n<p class=\"has-white-color has-text-color has-normal-font-size\"><span style=\"color:#111\" class=\"tadv-color\">Seit einem Jahr bin ich selbstst\u00e4ndig praktizierende Zahn\u00e4rztin. Meine Liebe zur Musik fand ich schon fr\u00fch. In ihr finde ich Ausgleich und Entspannung.<\/span><br><br><br><br><br><br><br><br><br><a href=\"https:\/\/zahnarztpraxis-scheuber.ch\">https:\/\/zahnarztpraxis-scheuber.ch<\/a><span style=\"color:#FFF\" class=\"tadv-color\"> <\/span><\/p>\n<\/div><\/div>\n\n\n\n<div class=\"wp-block-media-text alignwide has-media-on-the-right is-stacked-on-mobile has-background\" style=\"background:linear-gradient(7deg,rgb(255,245,203) 0%,rgb(182,227,212) 5%,rgb(51,167,181) 20%)\"><figure class=\"wp-block-media-text__media\"><img loading=\"lazy\" decoding=\"async\" width=\"750\" height=\"1000\" src=\"https:\/\/2dentists.ch\/wp-content\/uploads\/2021\/01\/Daniel-Faessler-2.jpg\" alt=\"\" class=\"wp-image-76 size-full\" srcset=\"https:\/\/2dentists.ch\/wp-content\/uploads\/2021\/01\/Daniel-Faessler-2.jpg 750w, https:\/\/2dentists.ch\/wp-content\/uploads\/2021\/01\/Daniel-Faessler-2-225x300.jpg 225w\" sizes=\"auto, (max-width: 750px) 100vw, 750px\" \/><\/figure><div class=\"wp-block-media-text__content\">\n<div style=\"height:110px\" aria-hidden=\"true\" class=\"wp-block-spacer\"><\/div>\n\n\n\n<p class=\"has-large-font-size\">Dr. med. dent. Daniel F\u00e4ssler<\/p>\n\n\n\n<p><\/p>\n\n\n\n<p class=\"has-white-color has-text-color has-normal-font-size\"><span style=\"color:#111\" class=\"tadv-color\">Seit f\u00fcnf Jahren leite ich eine eigene Zahnarztpraxis. In meiner Freizeit bohre ich ab und zu auch auf Noten rum.<\/span><br><br><br><br><br><br><br><br><br><a href=\"https:\/\/danielfaessler.ch\">https:\/\/danielfaessler.ch<\/a><\/p>\n<\/div><\/div>\n","protected":false},"excerpt":{"rendered":"","protected":false},"author":2,"featured_media":0,"parent":0,"menu_order":0,"comment_status":"closed","ping_status":"closed","template":"","meta":{"footnotes":""},"class_list":["post-89","page","type-page","status-publish","hentry","entry"],"yoast_head":"<!-- This site is optimized with the Yoast SEO plugin v27.4 - https:\/\/yoast.com\/product\/yoast-seo-wordpress\/ -->\n<title>- Two Dentists<\/title>\n<meta name=\"robots\" content=\"index, follow, max-snippet:-1, max-image-preview:large, max-video-preview:-1\" \/>\n<link rel=\"canonical\" href=\"https:\/\/2dentists.ch\/?page_id=89\" \/>\n<meta property=\"og:locale\" content=\"de_DE\" \/>\n<meta property=\"og:type\" content=\"article\" \/>\n<meta property=\"og:title\" content=\"- Two Dentists\" \/>\n<meta property=\"og:url\" content=\"https:\/\/2dentists.ch\/?page_id=89\" \/>\n<meta property=\"og:site_name\" content=\"Two Dentists\" \/>\n<meta property=\"article:modified_time\" content=\"2021-03-14T12:24:11+00:00\" \/>\n<meta property=\"og:image\" content=\"https:\/\/2dentists.ch\/wp-content\/uploads\/2021\/01\/Sybille-Scheuber-1-768x1024-1.jpg\" \/>\n<meta name=\"twitter:card\" content=\"summary_large_image\" \/>\n<meta name=\"twitter:label1\" content=\"Gesch\u00e4tzte Lesezeit\" \/>\n\t<meta name=\"twitter:data1\" content=\"1\u00a0Minute\" \/>\n<script type=\"application\/ld+json\" class=\"yoast-schema-graph\">{\"@context\":\"https:\\\/\\\/schema.org\",\"@graph\":[{\"@type\":\"WebPage\",\"@id\":\"https:\\\/\\\/2dentists.ch\\\/?page_id=89\",\"url\":\"https:\\\/\\\/2dentists.ch\\\/?page_id=89\",\"name\":\"- Two Dentists\",\"isPartOf\":{\"@id\":\"https:\\\/\\\/2dentists.ch\\\/#website\"},\"primaryImageOfPage\":{\"@id\":\"https:\\\/\\\/2dentists.ch\\\/?page_id=89#primaryimage\"},\"image\":{\"@id\":\"https:\\\/\\\/2dentists.ch\\\/?page_id=89#primaryimage\"},\"thumbnailUrl\":\"https:\\\/\\\/2dentists.ch\\\/wp-content\\\/uploads\\\/2021\\\/01\\\/Sybille-Scheuber-1-768x1024-1.jpg\",\"datePublished\":\"2021-01-28T15:28:02+00:00\",\"dateModified\":\"2021-03-14T12:24:11+00:00\",\"inLanguage\":\"de\",\"potentialAction\":[{\"@type\":\"ReadAction\",\"target\":[\"https:\\\/\\\/2dentists.ch\\\/?page_id=89\"]}]},{\"@type\":\"ImageObject\",\"inLanguage\":\"de\",\"@id\":\"https:\\\/\\\/2dentists.ch\\\/?page_id=89#primaryimage\",\"url\":\"https:\\\/\\\/2dentists.ch\\\/wp-content\\\/uploads\\\/2021\\\/01\\\/Sybille-Scheuber-1-768x1024-1.jpg\",\"contentUrl\":\"https:\\\/\\\/2dentists.ch\\\/wp-content\\\/uploads\\\/2021\\\/01\\\/Sybille-Scheuber-1-768x1024-1.jpg\",\"width\":768,\"height\":1024},{\"@type\":\"WebSite\",\"@id\":\"https:\\\/\\\/2dentists.ch\\\/#website\",\"url\":\"https:\\\/\\\/2dentists.ch\\\/\",\"name\":\"Two Dentists\",\"description\":\"\",\"potentialAction\":[{\"@type\":\"SearchAction\",\"target\":{\"@type\":\"EntryPoint\",\"urlTemplate\":\"https:\\\/\\\/2dentists.ch\\\/?s={search_term_string}\"},\"query-input\":{\"@type\":\"PropertyValueSpecification\",\"valueRequired\":true,\"valueName\":\"search_term_string\"}}],\"inLanguage\":\"de\"}]}<\/script>\n<!-- \/ Yoast SEO plugin. -->","yoast_head_json":{"title":"- Two Dentists","robots":{"index":"index","follow":"follow","max-snippet":"max-snippet:-1","max-image-preview":"max-image-preview:large","max-video-preview":"max-video-preview:-1"},"canonical":"https:\/\/2dentists.ch\/?page_id=89","og_locale":"de_DE","og_type":"article","og_title":"- Two Dentists","og_url":"https:\/\/2dentists.ch\/?page_id=89","og_site_name":"Two Dentists","article_modified_time":"2021-03-14T12:24:11+00:00","og_image":[{"url":"https:\/\/2dentists.ch\/wp-content\/uploads\/2021\/01\/Sybille-Scheuber-1-768x1024-1.jpg","type":"","width":"","height":""}],"twitter_card":"summary_large_image","twitter_misc":{"Gesch\u00e4tzte Lesezeit":"1\u00a0Minute"},"schema":{"@context":"https:\/\/schema.org","@graph":[{"@type":"WebPage","@id":"https:\/\/2dentists.ch\/?page_id=89","url":"https:\/\/2dentists.ch\/?page_id=89","name":"- Two Dentists","isPartOf":{"@id":"https:\/\/2dentists.ch\/#website"},"primaryImageOfPage":{"@id":"https:\/\/2dentists.ch\/?page_id=89#primaryimage"},"image":{"@id":"https:\/\/2dentists.ch\/?page_id=89#primaryimage"},"thumbnailUrl":"https:\/\/2dentists.ch\/wp-content\/uploads\/2021\/01\/Sybille-Scheuber-1-768x1024-1.jpg","datePublished":"2021-01-28T15:28:02+00:00","dateModified":"2021-03-14T12:24:11+00:00","inLanguage":"de","potentialAction":[{"@type":"ReadAction","target":["https:\/\/2dentists.ch\/?page_id=89"]}]},{"@type":"ImageObject","inLanguage":"de","@id":"https:\/\/2dentists.ch\/?page_id=89#primaryimage","url":"https:\/\/2dentists.ch\/wp-content\/uploads\/2021\/01\/Sybille-Scheuber-1-768x1024-1.jpg","contentUrl":"https:\/\/2dentists.ch\/wp-content\/uploads\/2021\/01\/Sybille-Scheuber-1-768x1024-1.jpg","width":768,"height":1024},{"@type":"WebSite","@id":"https:\/\/2dentists.ch\/#website","url":"https:\/\/2dentists.ch\/","name":"Two Dentists","description":"","potentialAction":[{"@type":"SearchAction","target":{"@type":"EntryPoint","urlTemplate":"https:\/\/2dentists.ch\/?s={search_term_string}"},"query-input":{"@type":"PropertyValueSpecification","valueRequired":true,"valueName":"search_term_string"}}],"inLanguage":"de"}]}},"_links":{"self":[{"href":"https:\/\/2dentists.ch\/index.php?rest_route=\/wp\/v2\/pages\/89","targetHints":{"allow":["GET"]}}],"collection":[{"href":"https:\/\/2dentists.ch\/index.php?rest_route=\/wp\/v2\/pages"}],"about":[{"href":"https:\/\/2dentists.ch\/index.php?rest_route=\/wp\/v2\/types\/page"}],"author":[{"embeddable":true,"href":"https:\/\/2dentists.ch\/index.php?rest_route=\/wp\/v2\/users\/2"}],"replies":[{"embeddable":true,"href":"https:\/\/2dentists.ch\/index.php?rest_route=%2Fwp%2Fv2%2Fcomments&post=89"}],"version-history":[{"count":26,"href":"https:\/\/2dentists.ch\/index.php?rest_route=\/wp\/v2\/pages\/89\/revisions"}],"predecessor-version":[{"id":280,"href":"https:\/\/2dentists.ch\/index.php?rest_route=\/wp\/v2\/pages\/89\/revisions\/280"}],"wp:attachment":[{"href":"https:\/\/2dentists.ch\/index.php?rest_route=%2Fwp%2Fv2%2Fmedia&parent=89"}],"curies":[{"name":"wp","href":"https:\/\/api.w.org\/{rel}","templated":true}]}}